{"id":103129,"date":"2024-04-28T23:18:35","date_gmt":"2024-04-28T23:18:35","guid":{"rendered":"https:\/\/leevrac.ca\/?page_id=103129"},"modified":"2024-04-29T02:24:43","modified_gmt":"2024-04-29T02:24:43","slug":"calculator-for-decorative-stones-for-pool-surrounds","status":"publish","type":"page","link":"https:\/\/leevrac.ca\/en\/calculateur-de-la-quantite-de-pierres-decoratives-pour-contour-de-piscine\/","title":{"rendered":"Decorative stone calculator for pool surrounds"},"content":{"rendered":"<p>[et_pb_section fb_built=\u00a0\u00bb1&Prime; _builder_version=\u00a0\u00bb4.16&Prime; _module_preset=\u00a0\u00bbdefault\u00a0\u00bb global_colors_info=\u00a0\u00bb{}\u00a0\u00bb][et_pb_row _builder_version=\u00a0\u00bb4.16&Prime; _module_preset=\u00a0\u00bbdefault\u00a0\u00bb global_colors_info=\u00a0\u00bb{}\u00a0\u00bb][et_pb_column type=\u00a0\u00bb4_4&Prime; _builder_version=\u00a0\u00bb4.16&Prime; _module_preset=\u00a0\u00bbdefault\u00a0\u00bb global_colors_info=\u00a0\u00bb{}\u00a0\u00bb][et_pb_text module_class=\u00a0\u00bbdct_s_title_left\u00a0\u00bb _builder_version=\u00a0\u00bb4.24.3&Prime; text_font_size=\u00a0\u00bb18px\u00a0\u00bb header_font=\u00a0\u00bb|700|||||||\u00a0\u00bb header_font_size=\u00a0\u00bb36px\u00a0\u00bb header_line_height=\u00a0\u00bb1.1em\u00a0\u00bb text_orientation=\u00a0\u00bbcenter\u00a0\u00bb global_colors_info=\u00a0\u00bb{}\u00a0\u00bb]<\/p>\n<h1>Calculateur de la quantit\u00e9 de pierres d\u00e9coratives pour contour de piscine<\/h1>\n<p>Vous aimeriez conna\u00eetre la quantit\u00e9 de <a href=\"https:\/\/leevrac.ca\/categorie-produit\/pierre-decorative-en-vrac\/\">pierres d\u00e9coratives<\/a> n\u00e9cessaires pour votre contour de piscine? Nos calculateurs vous aideront \u00e0 d\u00e9terminer une approximation de la quantit\u00e9 requise en fonction de la forme de votre piscine.<\/p>\n<p>[\/et_pb_text][\/et_pb_column][\/et_pb_row][et_pb_row _builder_version=\u00a0\u00bb4.24.3&Prime; _module_preset=\u00a0\u00bbdefault\u00a0\u00bb custom_padding=\u00a0\u00bb|5%||5%|false|false\u00a0\u00bb global_colors_info=\u00a0\u00bb{}\u00a0\u00bb][et_pb_column type=\u00a0\u00bb4_4&Prime; _builder_version=\u00a0\u00bb4.16&Prime; _module_preset=\u00a0\u00bbdefault\u00a0\u00bb background_color=\u00a0\u00bb#f7f7f7&Prime; custom_padding=\u00a0\u00bb30px|20px|30px|20px|false|false\u00a0\u00bb box_shadow_style=\u00a0\u00bbpreset1&Prime; box_shadow_color=\u00a0\u00bbrgba(0,0,0,0.1)\u00a0\u00bb global_colors_info=\u00a0\u00bb{}\u00a0\u00bb][et_pb_text module_class=\u00a0\u00bbdct_s_title_left\u00a0\u00bb _builder_version=\u00a0\u00bb4.24.3&Prime; text_font_size=\u00a0\u00bb16px\u00a0\u00bb header_2_font=\u00a0\u00bb|700|||||||\u00a0\u00bb header_2_text_color=\u00a0\u00bb#265585&Prime; header_2_line_height=\u00a0\u00bb1.1em\u00a0\u00bb text_orientation=\u00a0\u00bbcenter\u00a0\u00bb global_colors_info=\u00a0\u00bb{}\u00a0\u00bb]<\/p>\n<h2>Calculateur de quantit\u00e9 de pierres d\u00e9coratives (en tonne) pour contour de piscine ronde<\/h2>\n<p>Utilisez ce calculateur pour d\u00e9terminer la quantit\u00e9 de pierres d\u00e9coratives requises si vous avez une piscine circulaire ou ronde (g\u00e9n\u00e9ralement hors terre).[\/et_pb_text][et_pb_image src=\u00a0\u00bbhttps:\/\/leevrac.ca\/wp-content\/uploads\/2024\/04\/PISCINE-2-2.jpg\u00a0\u00bb title_text=\u00a0\u00bbPISCINE 2-2&Prime; _builder_version=\u00a0\u00bb4.24.3&Prime; _module_preset=\u00a0\u00bbdefault\u00a0\u00bb global_colors_info=\u00a0\u00bb{}\u00a0\u00bb][\/et_pb_image][et_pb_code _builder_version=\u00a0\u00bb4.24.3&Prime; _module_preset=\u00a0\u00bbdefault\u00a0\u00bb global_colors_info=\u00a0\u00bb{}\u00a0\u00bb]<form id=\"forminator-module-103140\" class=\"forminator-custom-form forminator-custom-form-103140\" method=\"post\" data-forminator-render=\"0\" data-uid=\"69d7651f56bf8\"><div role=\"alert\" aria-live=\"polite\" class=\"forminator-response-message forminator-error\" aria-hidden=\"true\"><\/div><\/form>[\/et_pb_code][\/et_pb_column][\/et_pb_row][et_pb_row _builder_version=\u00a0\u00bb4.24.3&Prime; _module_preset=\u00a0\u00bbdefault\u00a0\u00bb custom_padding=\u00a0\u00bb|5%||5%|false|false\u00a0\u00bb global_colors_info=\u00a0\u00bb{}\u00a0\u00bb][et_pb_column type=\u00a0\u00bb4_4&Prime; _builder_version=\u00a0\u00bb4.16&Prime; _module_preset=\u00a0\u00bbdefault\u00a0\u00bb background_color=\u00a0\u00bb#f7f7f7&Prime; custom_padding=\u00a0\u00bb30px|20px|30px|20px|false|false\u00a0\u00bb box_shadow_style=\u00a0\u00bbpreset1&Prime; box_shadow_color=\u00a0\u00bbrgba(0,0,0,0.1)\u00a0\u00bb global_colors_info=\u00a0\u00bb{}\u00a0\u00bb][et_pb_text module_class=\u00a0\u00bbdct_s_title_left\u00a0\u00bb _builder_version=\u00a0\u00bb4.24.3&Prime; text_font_size=\u00a0\u00bb16px\u00a0\u00bb header_2_font=\u00a0\u00bb|700|||||||\u00a0\u00bb header_2_text_color=\u00a0\u00bb#265585&Prime; header_2_line_height=\u00a0\u00bb1.1em\u00a0\u00bb text_orientation=\u00a0\u00bbcenter\u00a0\u00bb global_colors_info=\u00a0\u00bb{}\u00a0\u00bb]<\/p>\n<h2>Calculateur de quantit\u00e9 de pierres d\u00e9coratives (en tonne) pour contour de piscine cr\u00e9us\u00e9e carr\u00e9es ou rectangulaires<\/h2>\n<p>Utilisez ce calculateur pour d\u00e9terminer la quantit\u00e9 de pierres d\u00e9coratives requises si vous avez une piscine carr\u00e9e ou rectangulaire (g\u00e9n\u00e9ralement piscine creus\u00e9e).[\/et_pb_text][et_pb_image src=\u00a0\u00bbhttps:\/\/leevrac.ca\/wp-content\/uploads\/2024\/04\/PISCINE-2-3.jpg\u00a0\u00bb title_text=\u00a0\u00bbPISCINE 2-3&Prime; _builder_version=\u00a0\u00bb4.24.3&Prime; _module_preset=\u00a0\u00bbdefault\u00a0\u00bb hover_enabled=\u00a0\u00bb0&Prime; global_colors_info=\u00a0\u00bb{}\u00a0\u00bb sticky_enabled=\u00a0\u00bb0&Prime;][\/et_pb_image][et_pb_code _builder_version=\u00a0\u00bb4.24.3&Prime; _module_preset=\u00a0\u00bbdefault\u00a0\u00bb global_colors_info=\u00a0\u00bb{}\u00a0\u00bb]<form id=\"forminator-module-103145\" class=\"forminator-custom-form forminator-custom-form-103145\" method=\"post\" data-forminator-render=\"0\" data-uid=\"69d7651f5754b\"><div role=\"alert\" aria-live=\"polite\" class=\"forminator-response-message forminator-error\" aria-hidden=\"true\"><\/div><\/form>[\/et_pb_code][\/et_pb_column][\/et_pb_row][\/et_pb_section][et_pb_section fb_built=\u00a0\u00bb1&Prime; _builder_version=\u00a0\u00bb4.24.3&Prime; _module_preset=\u00a0\u00bbdefault\u00a0\u00bb background_color=\u00a0\u00bb#f7f7f7&Prime; global_colors_info=\u00a0\u00bb{}\u00a0\u00bb][et_pb_row _builder_version=\u00a0\u00bb4.24.3&Prime; _module_preset=\u00a0\u00bbdefault\u00a0\u00bb global_colors_info=\u00a0\u00bb{}\u00a0\u00bb][et_pb_column type=\u00a0\u00bb4_4&Prime; _builder_version=\u00a0\u00bb4.24.3&Prime; _module_preset=\u00a0\u00bbdefault\u00a0\u00bb global_colors_info=\u00a0\u00bb{}\u00a0\u00bb][et_pb_text _builder_version=\u00a0\u00bb4.24.3&Prime; _module_preset=\u00a0\u00bbdefault\u00a0\u00bb text_font_size=\u00a0\u00bb20px\u00a0\u00bb text_line_height=\u00a0\u00bb1.2em\u00a0\u00bb text_orientation=\u00a0\u00bbcenter\u00a0\u00bb global_colors_info=\u00a0\u00bb{}\u00a0\u00bb]<\/p>\n<p>N\u2019h\u00e9sitez pas \u00e0 lire <a href=\"https:\/\/leevrac.ca\/quelle-pierre-decorative-choisir-pour-mon-projet-damenagement-exterieur\/\">notre article<\/a> sur les diff\u00e9rents types de pierres d\u00e9coratives pour vous aider \u00e0 faire un choix pour votre am\u00e9nagement ext\u00e9rieur!<\/p>\n<p>[\/et_pb_text][\/et_pb_column][\/et_pb_row][\/et_pb_section]<\/p>\n","protected":false},"excerpt":{"rendered":"<p>Calculateur de la quantit\u00e9 de pierres d\u00e9coratives pour contour de piscine Vous aimeriez conna\u00eetre la quantit\u00e9 de pierres d\u00e9coratives n\u00e9cessaires pour votre contour de piscine? Nos calculateurs vous aideront \u00e0 d\u00e9terminer une approximation de la quantit\u00e9 requise en fonction de la forme de votre piscine.Calculateur de quantit\u00e9 de pierres d\u00e9coratives (en tonne) pour contour de [&hellip;]<\/p>\n","protected":false},"author":1,"featured_media":0,"parent":0,"menu_order":0,"comment_status":"closed","ping_status":"closed","template":"","meta":{"_et_pb_use_builder":"on","_et_pb_old_content":"","_et_gb_content_width":"","footnotes":""},"class_list":["post-103129","page","type-page","status-publish","hentry"],"_links":{"self":[{"href":"https:\/\/leevrac.ca\/en\/wp-json\/wp\/v2\/pages\/103129","targetHints":{"allow":["GET"]}}],"collection":[{"href":"https:\/\/leevrac.ca\/en\/wp-json\/wp\/v2\/pages"}],"about":[{"href":"https:\/\/leevrac.ca\/en\/wp-json\/wp\/v2\/types\/page"}],"author":[{"embeddable":true,"href":"https:\/\/leevrac.ca\/en\/wp-json\/wp\/v2\/users\/1"}],"replies":[{"embeddable":true,"href":"https:\/\/leevrac.ca\/en\/wp-json\/wp\/v2\/comments?post=103129"}],"version-history":[{"count":13,"href":"https:\/\/leevrac.ca\/en\/wp-json\/wp\/v2\/pages\/103129\/revisions"}],"predecessor-version":[{"id":103173,"href":"https:\/\/leevrac.ca\/en\/wp-json\/wp\/v2\/pages\/103129\/revisions\/103173"}],"wp:attachment":[{"href":"https:\/\/leevrac.ca\/en\/wp-json\/wp\/v2\/media?parent=103129"}],"curies":[{"name":"wp","href":"https:\/\/api.w.org\/{rel}","templated":true}]}}