{"id":103148,"date":"2024-04-29T00:09:40","date_gmt":"2024-04-29T00:09:40","guid":{"rendered":"https:\/\/leevrac.ca\/?page_id=103148"},"modified":"2024-04-29T02:12:07","modified_gmt":"2024-04-29T02:12:07","slug":"soil-calculator-for-round-above-ground-pool-surface","status":"publish","type":"page","link":"https:\/\/leevrac.ca\/en\/calculateur-de-terre-pour-surface-de-piscine-ronde-hors-terre\/","title":{"rendered":"Soil calculator for round above-ground pool surface"},"content":{"rendered":"<p>[et_pb_section fb_built=\u00a0\u00bb1&Prime; _builder_version=\u00a0\u00bb4.16&Prime; _module_preset=\u00a0\u00bbdefault\u00a0\u00bb global_colors_info=\u00a0\u00bb{}\u00a0\u00bb][et_pb_row _builder_version=\u00a0\u00bb4.16&Prime; _module_preset=\u00a0\u00bbdefault\u00a0\u00bb global_colors_info=\u00a0\u00bb{}\u00a0\u00bb][et_pb_column type=\u00a0\u00bb4_4&Prime; _builder_version=\u00a0\u00bb4.16&Prime; _module_preset=\u00a0\u00bbdefault\u00a0\u00bb global_colors_info=\u00a0\u00bb{}\u00a0\u00bb][et_pb_text module_class=\u00a0\u00bbdct_s_title_left\u00a0\u00bb _builder_version=\u00a0\u00bb4.24.3&Prime; text_font_size=\u00a0\u00bb18px\u00a0\u00bb header_font=\u00a0\u00bb|700|||||||\u00a0\u00bb header_line_height=\u00a0\u00bb1.1em\u00a0\u00bb text_orientation=\u00a0\u00bbcenter\u00a0\u00bb global_colors_info=\u00a0\u00bb{}\u00a0\u00bb]<\/p>\n<h1>Calculateur de terre pour surface de piscine ronde hors terre<\/h1>\n<p>Vous songez \u00e0 retirer votre piscine hors terre et vous aimeriez conna\u00eetre le volume requis pour remplir la zone couverte par votre piscine par de la nouvelle terre afin de <a href=\"https:\/\/leevrac.ca\/guide-complet-pour-semer-le-gazon\/\">semer<\/a> du gazon ou tourner la terre? Ce calculateur est pour vous! En g\u00e9n\u00e9ral, il est recommand\u00e9 de pr\u00e9voir entre 4 \u00e0 6 pouces d\u2019\u00e9paisseur de <a href=\"https:\/\/leevrac.ca\/produit\/top-soil-tamise-terre-a-gazon-en-vrac\/\">top soil<\/a> pour remplir convenablement la surface de votre piscine.<\/p>\n<p>[\/et_pb_text][\/et_pb_column][\/et_pb_row][et_pb_row _builder_version=\u00a0\u00bb4.24.3&Prime; _module_preset=\u00a0\u00bbdefault\u00a0\u00bb custom_padding=\u00a0\u00bb|5%||5%|false|false\u00a0\u00bb global_colors_info=\u00a0\u00bb{}\u00a0\u00bb][et_pb_column type=\u00a0\u00bb4_4&Prime; _builder_version=\u00a0\u00bb4.16&Prime; _module_preset=\u00a0\u00bbdefault\u00a0\u00bb background_color=\u00a0\u00bb#f7f7f7&Prime; custom_padding=\u00a0\u00bb30px|20px|30px|20px|false|false\u00a0\u00bb box_shadow_style=\u00a0\u00bbpreset1&Prime; box_shadow_color=\u00a0\u00bbrgba(0,0,0,0.1)\u00a0\u00bb global_colors_info=\u00a0\u00bb{}\u00a0\u00bb][et_pb_text module_class=\u00a0\u00bbdct_s_title_left\u00a0\u00bb _builder_version=\u00a0\u00bb4.24.3&Prime; text_font_size=\u00a0\u00bb16px\u00a0\u00bb header_2_font=\u00a0\u00bb|700|||||||\u00a0\u00bb header_2_text_color=\u00a0\u00bb#265585&Prime; header_2_line_height=\u00a0\u00bb1.1em\u00a0\u00bb text_orientation=\u00a0\u00bbcenter\u00a0\u00bb global_colors_info=\u00a0\u00bb{}\u00a0\u00bb]<\/p>\n<h2>Calculateur du volume de terre requis (surface de la piscine)<\/h2>\n<p>[\/et_pb_text][et_pb_image src=\u00a0\u00bbhttps:\/\/leevrac.ca\/wp-content\/uploads\/2024\/04\/PISCINE-1.jpg\u00a0\u00bb _builder_version=\u00a0\u00bb4.24.3&Prime; _module_preset=\u00a0\u00bbdefault\u00a0\u00bb title_text=\u00a0\u00bbPISCINE 1&Prime; hover_enabled=\u00a0\u00bb0&Prime; sticky_enabled=\u00a0\u00bb0&Prime;][\/et_pb_image][et_pb_code _builder_version=\u00a0\u00bb4.24.3&Prime; _module_preset=\u00a0\u00bbdefault\u00a0\u00bb global_colors_info=\u00a0\u00bb{}\u00a0\u00bb]<form id=\"forminator-module-103158\" class=\"forminator-custom-form forminator-custom-form-103158\" method=\"post\" data-forminator-render=\"0\" data-uid=\"69d28419900a8\"><div role=\"alert\" aria-live=\"polite\" class=\"forminator-response-message forminator-error\" aria-hidden=\"true\"><\/div><\/form>[\/et_pb_code][\/et_pb_column][\/et_pb_row][\/et_pb_section]<\/p>\n","protected":false},"excerpt":{"rendered":"<p>Calculateur de terre pour surface de piscine ronde hors terre Vous songez \u00e0 retirer votre piscine hors terre et vous aimeriez conna\u00eetre le volume requis pour remplir la zone couverte par votre piscine par de la nouvelle terre afin de semer du gazon ou tourner la terre? Ce calculateur est pour vous! En g\u00e9n\u00e9ral, il [&hellip;]<\/p>\n","protected":false},"author":1,"featured_media":0,"parent":0,"menu_order":0,"comment_status":"closed","ping_status":"closed","template":"","meta":{"_et_pb_use_builder":"on","_et_pb_old_content":"","_et_gb_content_width":"","footnotes":""},"class_list":["post-103148","page","type-page","status-publish","hentry"],"_links":{"self":[{"href":"https:\/\/leevrac.ca\/en\/wp-json\/wp\/v2\/pages\/103148","targetHints":{"allow":["GET"]}}],"collection":[{"href":"https:\/\/leevrac.ca\/en\/wp-json\/wp\/v2\/pages"}],"about":[{"href":"https:\/\/leevrac.ca\/en\/wp-json\/wp\/v2\/types\/page"}],"author":[{"embeddable":true,"href":"https:\/\/leevrac.ca\/en\/wp-json\/wp\/v2\/users\/1"}],"replies":[{"embeddable":true,"href":"https:\/\/leevrac.ca\/en\/wp-json\/wp\/v2\/comments?post=103148"}],"version-history":[{"count":7,"href":"https:\/\/leevrac.ca\/en\/wp-json\/wp\/v2\/pages\/103148\/revisions"}],"predecessor-version":[{"id":103163,"href":"https:\/\/leevrac.ca\/en\/wp-json\/wp\/v2\/pages\/103148\/revisions\/103163"}],"wp:attachment":[{"href":"https:\/\/leevrac.ca\/en\/wp-json\/wp\/v2\/media?parent=103148"}],"curies":[{"name":"wp","href":"https:\/\/api.w.org\/{rel}","templated":true}]}}