{"id":93371,"date":"2020-03-22T16:50:32","date_gmt":"2020-03-22T16:50:32","guid":{"rendered":"https:\/\/transport.divifixer.com\/?page_id=15"},"modified":"2026-04-18T15:55:01","modified_gmt":"2026-04-18T15:55:01","slug":"lee-vrac-transport","status":"publish","type":"page","link":"https:\/\/leevrac.ca\/en\/","title":{"rendered":"Lee Vrac Transport"},"content":{"rendered":"<p>[et_pb_section fb_built=\u00a0\u00bb1&Prime; module_id=\u00a0\u00bbdct_home_v4&Prime; _builder_version=\u00a0\u00bb4.27.6&Prime; _module_preset=\u00a0\u00bbdefault\u00a0\u00bb use_background_color_gradient=\u00a0\u00bbon\u00a0\u00bb background_color_gradient_stops=\u00a0\u00bbrgba(0,0,0,0.76) 0%|rgba(0,0,0,0.73) 100%\u00a0\u00bb background_color_gradient_overlays_image=\u00a0\u00bbon\u00a0\u00bb background_image=\u00a0\u00bbhttps:\/\/leevrac.ca\/wp-content\/uploads\/2021\/10\/leevrac-transport.jpg\u00a0\u00bb global_colors_info=\u00a0\u00bb{}\u00a0\u00bb][et_pb_row column_structure=\u00a0\u00bb3_5,2_5&Prime; _builder_version=\u00a0\u00bb4.16&Prime; _module_preset=\u00a0\u00bbdefault\u00a0\u00bb global_colors_info=\u00a0\u00bb{}\u00a0\u00bb][et_pb_column type=\u00a0\u00bb3_5&Prime; _builder_version=\u00a0\u00bb4.16&Prime; _module_preset=\u00a0\u00bbdefault\u00a0\u00bb global_colors_info=\u00a0\u00bb{}\u00a0\u00bb][et_pb_slider show_pagination=\u00a0\u00bboff\u00a0\u00bb _builder_version=\u00a0\u00bb4.24.2&Prime; locked=\u00a0\u00bboff\u00a0\u00bb global_colors_info=\u00a0\u00bb{}\u00a0\u00bb][et_pb_slide heading=\u00a0\u00bbMat\u00e9riaux en vrac \u00a0\u00bb _builder_version=\u00a0\u00bb4.24.2&Prime; body_link_font=\u00a0\u00bb||||||||\u00a0\u00bb body_link_font_size=\u00a0\u00bb16px\u00a0\u00bb background_color=\u00a0\u00bbrgba(0,0,0,0)\u00a0\u00bb background_enable_color=\u00a0\u00bbon\u00a0\u00bb text_orientation=\u00a0\u00bbleft\u00a0\u00bb locked=\u00a0\u00bboff\u00a0\u00bb global_colors_info=\u00a0\u00bb{}\u00a0\u00bb sticky_transition=\u00a0\u00bbon\u00a0\u00bb]<\/p>\n<h4 span=\"\" style=\"font-weight: bold;\">Renseignez-vous sur notre grand \u00e9ventail de produits tels que\u00a0:<\/h4>\n<p><span style=\"text-decoration: underline; color: #ffffff;\"><a href=\"https:\/\/leevrac.ca\/pierre-en-vrac\/\" style=\"color: #ffffff; text-decoration: underline;\">Pierre en vrac<\/a><\/span><br \/>\n<span style=\"text-decoration: underline; color: #ffffff;\"><a href=\"https:\/\/leevrac.ca\/pierre-decorative-en-vrac\/\" style=\"color: #ffffff; text-decoration: underline;\">Pierre d\u00e9coratives en vrac<\/a><\/span><br \/>\n<span style=\"text-decoration: underline; color: #ffffff;\"><a href=\"https:\/\/leevrac.ca\/terre-en-vrac\/\" style=\"color: #ffffff; text-decoration: underline;\">Terre en vrac<\/a><\/span><br \/>\n<span style=\"text-decoration: underline; color: #ffffff;\"><a href=\"https:\/\/leevrac.ca\/paillis-en-vrac\/\" style=\"color: #ffffff; text-decoration: underline;\">Paillis en vrac<\/a><\/span><br \/>\n<span style=\"text-decoration: underline; color: #ffffff;\"><a href=\"https:\/\/leevrac.ca\/sel-deglacant-et-abrasif-dhiver\/\" style=\"color: #ffffff; text-decoration: underline;\">Sel d\u00e9gla\u00e7ant et abrasif d&rsquo;hiver<\/a><\/span><br \/>\n<span style=\"text-decoration: underline; color: #ffffff;\"><a href=\"https:\/\/leevrac.ca\/produits-en-sac\/\" style=\"color: #ffffff; text-decoration: underline;\">Produits en sac<\/a><\/span><br \/>\n<span style=\"text-decoration: underline; color: #ffffff;\"><a href=\"https:\/\/leevrac.ca\/sable-en-vrac\/\" style=\"color: #ffffff; text-decoration: underline;\">Sable en vrac<\/a><\/span><\/p>\n<ul>\n<ul>\n<li><a href=\"https:\/\/leevrac.ca\/boutique-materiaux-en-vrac\/\" class=\"btn1\">Commander en ligne<\/a><\/li>\n<\/ul>\n<\/ul>\n<p style=\"margin-top:30px;font-size:20px\"><b>OUVERT AU PUBLIC SANS RENDEZ-VOUS !<br \/>\nLIVRAISON RAPIDE EN 24 H<\/b><\/p>\n<p>[\/et_pb_slide][et_pb_slide heading=\u00a0\u00bbTransport en vrac\u00a0\u00bb _builder_version=\u00a0\u00bb4.21.0&Prime; header_level=\u00a0\u00bbh3&Prime; background_color=\u00a0\u00bbrgba(0,0,0,0)\u00a0\u00bb background_enable_color=\u00a0\u00bbon\u00a0\u00bb text_orientation=\u00a0\u00bbleft\u00a0\u00bb locked=\u00a0\u00bboff\u00a0\u00bb global_colors_info=\u00a0\u00bb{}\u00a0\u00bb sticky_transition=\u00a0\u00bbon\u00a0\u00bb]<\/p>\n<h4 span=\"\" style=\"font-weight: bold;\">Location de camion avec chauffeurs exp\u00e9riment\u00e9s<\/h4>\n<p>10 roues dompeur<br \/>12 roues dompeur<br \/>Semi 2 essieux dompeur<br \/>Semi 3 essieux dompeur (Toile \u00e9tanche pour le transport de contamin\u00e9s)<br \/><span style=\"color: #ffffff;\"><a href=\"https:\/\/leevrac.ca\/nouveau-service-arrosage-par-camion-citerne-de-leeling-paysagement\/\" style=\"color: #ffffff;\">Camion-citerne<\/a><\/span><\/p>\n<ul>\n<ul>\n<li><a href=\"https:\/\/leevrac.ca\/transport-en-vrac\/\" class=\"btn1\">En savoir plus<\/a><\/li>\n<li><a href=\"\/contact\" class=\"btn2\">contactez-nous<\/a><\/li>\n<\/ul>\n<\/ul>\n<p>&nbsp;<\/p>\n<p>[\/et_pb_slide][\/et_pb_slider][\/et_pb_column][et_pb_column type=\u00a0\u00bb2_5&Prime; _builder_version=\u00a0\u00bb4.16&Prime; _module_preset=\u00a0\u00bbdefault\u00a0\u00bb global_colors_info=\u00a0\u00bb{}\u00a0\u00bb][\/et_pb_column][\/et_pb_row][et_pb_row _builder_version=\u00a0\u00bb4.16&Prime; _module_preset=\u00a0\u00bbdefault\u00a0\u00bb global_colors_info=\u00a0\u00bb{}\u00a0\u00bb][et_pb_column type=\u00a0\u00bb4_4&Prime; _builder_version=\u00a0\u00bb4.16&Prime; _module_preset=\u00a0\u00bbdefault\u00a0\u00bb global_colors_info=\u00a0\u00bb{}\u00a0\u00bb][et_pb_image src=\u00a0\u00bbhttps:\/\/leevrac.ca\/wp-content\/uploads\/2021\/10\/leevrac-transport-2.png\u00a0\u00bb title_text=\u00a0\u00bbleevrac transport-2&Prime; _builder_version=\u00a0\u00bb4.16&Prime; _module_preset=\u00a0\u00bbdefault\u00a0\u00bb positioning=\u00a0\u00bbabsolute\u00a0\u00bb position_origin_a=\u00a0\u00bbbottom_right\u00a0\u00bb horizontal_offset=\u00a0\u00bb-550px\u00a0\u00bb position_origin_a_tablet=\u00a0\u00bbbottom_right\u00a0\u00bb position_origin_a_phone=\u00a0\u00bbbottom_right\u00a0\u00bb position_origin_a_last_edited=\u00a0\u00bbon|desktop\u00a0\u00bb position_origin_f_tablet=\u00a0\u00bb\u00a0\u00bb position_origin_f_phone=\u00a0\u00bb\u00a0\u00bb position_origin_f_last_edited=\u00a0\u00bbon|desktop\u00a0\u00bb position_origin_r_tablet=\u00a0\u00bb\u00a0\u00bb position_origin_r_phone=\u00a0\u00bb\u00a0\u00bb position_origin_r_last_edited=\u00a0\u00bbon|desktop\u00a0\u00bb width=\u00a0\u00bb100%\u00a0\u00bb scroll_horizontal_motion_enable=\u00a0\u00bbon\u00a0\u00bb scroll_horizontal_motion=\u00a0\u00bb0|50|50|100|4|0|-1&Prime; positioning_tablet=\u00a0\u00bbabsolute\u00a0\u00bb positioning_phone=\u00a0\u00bbnone\u00a0\u00bb positioning_last_edited=\u00a0\u00bbon|phone\u00a0\u00bb global_colors_info=\u00a0\u00bb{}\u00a0\u00bb][\/et_pb_image][\/et_pb_column][\/et_pb_row][\/et_pb_section][et_pb_section fb_built=\u00a0\u00bb1&Prime; custom_padding_last_edited=\u00a0\u00bbon|phone\u00a0\u00bb _builder_version=\u00a0\u00bb4.4.7&Prime; custom_padding=\u00a0\u00bb0px||||false|false\u00a0\u00bb custom_padding_tablet=\u00a0\u00bb||||false|false\u00a0\u00bb custom_padding_phone=\u00a0\u00bb\u00a0\u00bb global_module=\u00a0\u00bb90149&Prime; saved_tabs=\u00a0\u00bball\u00a0\u00bb global_colors_info=\u00a0\u00bb{}\u00a0\u00bb][et_pb_row column_structure=\u00a0\u00bb1_3,1_3,1_3&Prime; use_custom_gutter=\u00a0\u00bbon\u00a0\u00bb gutter_width=\u00a0\u00bb1&Prime; make_equal=\u00a0\u00bbon\u00a0\u00bb module_class=\u00a0\u00bbdct_home_intr\u00a0\u00bb _builder_version=\u00a0\u00bb4.16&Prime; background_color=\u00a0\u00bb#ffffff\u00a0\u00bb width=\u00a0\u00bb90%\u00a0\u00bb max_width=\u00a0\u00bb1170px\u00a0\u00bb custom_css_main_element=\u00a0\u00bb-webkit-box-shadow: 0px 12px 29px 0px rgba(0,0,0,0.07);||-moz-box-shadow: 0px 12px 29px 0px rgba(0,0,0,0.07);||box-shadow: 0px 12px 29px 0px rgba(0,0,0,0.07);overflow: visible;\u00a0\u00bb border_radii=\u00a0\u00bbon|10px|10px|10px|10px\u00a0\u00bb global_colors_info=\u00a0\u00bb{}\u00a0\u00bb][et_pb_column type=\u00a0\u00bb1_3&Prime; module_class=\u00a0\u00bbdct_int_hover\u00a0\u00bb _builder_version=\u00a0\u00bb4.16&Prime; global_colors_info=\u00a0\u00bb{}\u00a0\u00bb][et_pb_blurb title=\u00a0\u00bbtransport en vrac\u00a0\u00bb image=\u00a0\u00bbhttps:\/\/leevrac.ca\/wp-content\/uploads\/2021\/10\/1.png\u00a0\u00bb _builder_version=\u00a0\u00bb4.16&Prime; text_orientation=\u00a0\u00bbcenter\u00a0\u00bb global_colors_info=\u00a0\u00bb{}\u00a0\u00bb]Location de camions avec chauffeurs exp\u00e9riment\u00e9s[\/et_pb_blurb][et_pb_button button_url=\u00a0\u00bbhttps:\/\/leevrac.ca\/transport-en-vrac\/\u00a0\u00bb button_text=\u00a0\u00bbEn savoir plus\u00a0\u00bb _builder_version=\u00a0\u00bb4.16&Prime; global_colors_info=\u00a0\u00bb{}\u00a0\u00bb][\/et_pb_button][\/et_pb_column][et_pb_column type=\u00a0\u00bb1_3&Prime; module_class=\u00a0\u00bbdct_int_hover\u00a0\u00bb _builder_version=\u00a0\u00bb4.16&Prime; global_colors_info=\u00a0\u00bb{}\u00a0\u00bb][et_pb_blurb title=\u00a0\u00bbMat\u00e9riaux en vrac\u00a0\u00bb image=\u00a0\u00bbhttps:\/\/leevrac.ca\/wp-content\/uploads\/2021\/10\/2.png\u00a0\u00bb _builder_version=\u00a0\u00bb4.16&Prime; text_orientation=\u00a0\u00bbcenter\u00a0\u00bb global_colors_info=\u00a0\u00bb{}\u00a0\u00bb]Nous offrons plusieurs types de produits[\/et_pb_blurb][et_pb_button button_url=\u00a0\u00bbhttps:\/\/leevrac.ca\/materiaux-en-vrac\/\u00a0\u00bb button_text=\u00a0\u00bbEn savoir plus\u00a0\u00bb _builder_version=\u00a0\u00bb4.16&Prime; global_colors_info=\u00a0\u00bb{}\u00a0\u00bb][\/et_pb_button][\/et_pb_column][et_pb_column type=\u00a0\u00bb1_3&Prime; module_class=\u00a0\u00bbdct_int_hover\u00a0\u00bb _builder_version=\u00a0\u00bb4.16&Prime; global_colors_info=\u00a0\u00bb{}\u00a0\u00bb][et_pb_blurb title=\u00a0\u00bbCalculateur\u00a0\u00bb image=\u00a0\u00bbhttps:\/\/leevrac.ca\/wp-content\/uploads\/2021\/10\/3.png\u00a0\u00bb _builder_version=\u00a0\u00bb4.16&Prime; text_orientation=\u00a0\u00bbcenter\u00a0\u00bb global_colors_info=\u00a0\u00bb{}\u00a0\u00bb]Calculez la quantit\u00e9 en verge ou en tonne dont vous aurez besoin[\/et_pb_blurb][et_pb_button button_url=\u00a0\u00bb\/calculateur\u00a0\u00bb button_text=\u00a0\u00bbEn savoir plus\u00a0\u00bb _builder_version=\u00a0\u00bb4.16&Prime; global_colors_info=\u00a0\u00bb{}\u00a0\u00bb][\/et_pb_button][\/et_pb_column][\/et_pb_row][\/et_pb_section][et_pb_section fb_built=\u00a0\u00bb1&Prime; make_equal=\u00a0\u00bbon\u00a0\u00bb use_custom_gutter=\u00a0\u00bbon\u00a0\u00bb gutter_width=\u00a0\u00bb2&Prime; specialty=\u00a0\u00bbon\u00a0\u00bb module_class_2=\u00a0\u00bbdct_hm_itro_clm\u00a0\u00bb _builder_version=\u00a0\u00bb4.16&Prime; inner_width=\u00a0\u00bb90%\u00a0\u00bb inner_max_width=\u00a0\u00bb1170px\u00a0\u00bb custom_padding=\u00a0\u00bb0px||0px||true|false\u00a0\u00bb saved_tabs=\u00a0\u00bball\u00a0\u00bb global_colors_info=\u00a0\u00bb{}\u00a0\u00bb][et_pb_column type=\u00a0\u00bb1_2&Prime; _builder_version=\u00a0\u00bb4.16&Prime; custom_padding=\u00a0\u00bb|||\u00a0\u00bb global_colors_info=\u00a0\u00bb{}\u00a0\u00bb custom_padding__hover=\u00a0\u00bb|||\u00a0\u00bb][et_pb_code _builder_version=\u00a0\u00bb4.24.3&Prime; _module_preset=\u00a0\u00bbdefault\u00a0\u00bb global_colors_info=\u00a0\u00bb{}\u00a0\u00bb]<iframe loading=\"lazy\" src=\"https:\/\/www.facebook.com\/plugins\/video.php?height=314&#038;href=https%3A%2F%2Fwww.facebook.com%2FLeeVrac%2Fvideos%2F931884178694362%2F&#038;show_text=false&#038;width=560&#038;t=0\" width=\"560\" height=\"314\" style=\"border:none;overflow:hidden\" scrolling=\"no\" frameborder=\"0\" allowfullscreen=\"true\" allow=\"autoplay; clipboard-write; encrypted-media; picture-in-picture; web-share\" allowFullScreen=\"true\"><\/iframe>[\/et_pb_code][\/et_pb_column][et_pb_column type=\u00a0\u00bb1_2&Prime; specialty_columns=\u00a0\u00bb2&Prime; _builder_version=\u00a0\u00bb4.16&Prime; custom_padding=\u00a0\u00bb|||\u00a0\u00bb global_colors_info=\u00a0\u00bb{}\u00a0\u00bb custom_padding__hover=\u00a0\u00bb|||\u00a0\u00bb][et_pb_row_inner _builder_version=\u00a0\u00bb4.16&Prime; global_colors_info=\u00a0\u00bb{}\u00a0\u00bb][et_pb_column_inner saved_specialty_column_type=\u00a0\u00bb1_2&Prime; _builder_version=\u00a0\u00bb4.16&Prime; global_colors_info=\u00a0\u00bb{}\u00a0\u00bb][et_pb_text admin_label=\u00a0\u00bbText\u00a0\u00bb module_class=\u00a0\u00bbdct_s_title_left\u00a0\u00bb _builder_version=\u00a0\u00bb4.16&Prime; global_colors_info=\u00a0\u00bb{}\u00a0\u00bb]<span>\u00e0 propos de lee vrac transport<\/span><\/p>\n<h3>une entreprise familiale!<\/h3>\n<p>[\/et_pb_text][et_pb_text _builder_version=\u00a0\u00bb4.16&Prime; custom_css_main_element=\u00a0\u00bbline-height: 30px;||color: #57667e;||font-weight:400;\u00a0\u00bb global_colors_info=\u00a0\u00bb{}\u00a0\u00bb]Notre entreprise se distingue par ses chauffeurs exp\u00e9riment\u00e9s. Nos employ\u00e9s comptent plusieurs ann\u00e9es d\u2019exp\u00e9riences en tant que camionneur, ce qui nous permet de vous livrer la marchandise, m\u00eame dans les situations les plus complexes. <\/p>\n<p>Lee Vrac Transport est aussi une entreprise familiale. La famille Lee Ling est soud\u00e9e dans tous ses projets. De plus, la compagnie pr\u00f4ne l\u2019employabilit\u00e9 familiale. [\/et_pb_text][et_pb_button button_url=\u00a0\u00bb\/contact\u00a0\u00bb button_text=\u00a0\u00bbcontactez-nous\u00a0\u00bb button_text_phone=\u00a0\u00bbRead More \u00a0\u00bb button_text_last_edited=\u00a0\u00bboff|desktop\u00a0\u00bb button_alignment_tablet=\u00a0\u00bbleft\u00a0\u00bb button_alignment_phone=\u00a0\u00bbcenter\u00a0\u00bb button_alignment_last_edited=\u00a0\u00bbon|phone\u00a0\u00bb module_class=\u00a0\u00bbdct_btn\u00a0\u00bb _builder_version=\u00a0\u00bb4.16&Prime; global_colors_info=\u00a0\u00bb{}\u00a0\u00bb][\/et_pb_button][\/et_pb_column_inner][\/et_pb_row_inner][\/et_pb_column][\/et_pb_section][et_pb_section fb_built=\u00a0\u00bb1&Prime; make_equal=\u00a0\u00bbon\u00a0\u00bb use_custom_gutter=\u00a0\u00bbon\u00a0\u00bb gutter_width=\u00a0\u00bb1&Prime; specialty=\u00a0\u00bbon\u00a0\u00bb background_color_1=\u00a0\u00bbrgba(154,196,87,0.79)\u00a0\u00bb padding_top_1=\u00a0\u00bb100px\u00a0\u00bb padding_top_2=\u00a0\u00bb0px\u00a0\u00bb padding_right_1=\u00a0\u00bb30px\u00a0\u00bb padding_bottom_1=\u00a0\u00bb100px\u00a0\u00bb padding_bottom_2=\u00a0\u00bb0px\u00a0\u00bb padding_left_1=\u00a0\u00bb50px\u00a0\u00bb padding_top_bottom_link_1=\u00a0\u00bbtrue\u00a0\u00bb padding_top_bottom_link_2=\u00a0\u00bbtrue\u00a0\u00bb padding_left_right_link_1=\u00a0\u00bbfalse\u00a0\u00bb padding_left_right_link_2=\u00a0\u00bbfalse\u00a0\u00bb module_class_1=\u00a0\u00bbdct_bg\u00a0\u00bb module_id=\u00a0\u00bbdct_counter_v2&Prime; _builder_version=\u00a0\u00bb4.16&Prime; background_color=\u00a0\u00bbrgba(0,0,0,0.61)\u00a0\u00bb background_image=\u00a0\u00bbhttps:\/\/leevrac.ca\/wp-content\/uploads\/2021\/10\/transport-vrac-lee-vrac.jpg\u00a0\u00bb parallax=\u00a0\u00bbon\u00a0\u00bb inner_width=\u00a0\u00bb100%\u00a0\u00bb inner_max_width=\u00a0\u00bb100%\u00a0\u00bb custom_padding=\u00a0\u00bb||||false|false\u00a0\u00bb custom_css_before=\u00a0\u00bbwidth: 100%;||height: 100%;||display: block;||content: \u00a0\u00bb;||background: #000;||opacity: 0.7;||z-index: 1;position:absolute;top:0;left:0;||\u00a0\u00bb saved_tabs=\u00a0\u00bball\u00a0\u00bb global_colors_info=\u00a0\u00bb{}\u00a0\u00bb][et_pb_column type=\u00a0\u00bb1_3&Prime; _builder_version=\u00a0\u00bb4.16&Prime; custom_padding=\u00a0\u00bb|||\u00a0\u00bb global_colors_info=\u00a0\u00bb{}\u00a0\u00bb custom_padding__hover=\u00a0\u00bb|||\u00a0\u00bb][et_pb_text _builder_version=\u00a0\u00bb4.16&Prime; global_colors_info=\u00a0\u00bb{}\u00a0\u00bb]<\/p>\n<h6>LEE VRAC TRANSPORT<\/h6>\n<h3>EN CHIFFRES<\/h3>\n<p>[\/et_pb_text][\/et_pb_column][et_pb_column type=\u00a0\u00bb2_3&Prime; specialty_columns=\u00a0\u00bb2&Prime; _builder_version=\u00a0\u00bb4.16&Prime; custom_padding=\u00a0\u00bb|||\u00a0\u00bb global_colors_info=\u00a0\u00bb{}\u00a0\u00bb custom_padding__hover=\u00a0\u00bb|||\u00a0\u00bb][et_pb_row_inner column_structure=\u00a0\u00bb1_2,1_2&Prime; use_custom_gutter=\u00a0\u00bbon\u00a0\u00bb gutter_width=\u00a0\u00bb1&Prime; _builder_version=\u00a0\u00bb4.16&Prime; custom_padding=\u00a0\u00bb70px||||false|false\u00a0\u00bb global_colors_info=\u00a0\u00bb{}\u00a0\u00bb][et_pb_column_inner type=\u00a0\u00bb1_2&Prime; saved_specialty_column_type=\u00a0\u00bb2_3&Prime; _builder_version=\u00a0\u00bb4.16&Prime; global_colors_info=\u00a0\u00bb{}\u00a0\u00bb][et_pb_number_counter title=\u00a0\u00bbCAMIONS DE DIFF\u00c9RENTES CAPACIT\u00c9S\u00a0\u00bb number=\u00a0\u00bb14&Prime; percent_sign=\u00a0\u00bboff\u00a0\u00bb _builder_version=\u00a0\u00bb4.24.2&Prime; global_colors_info=\u00a0\u00bb{}\u00a0\u00bb][\/et_pb_number_counter][\/et_pb_column_inner][et_pb_column_inner type=\u00a0\u00bb1_2&Prime; saved_specialty_column_type=\u00a0\u00bb2_3&Prime; _builder_version=\u00a0\u00bb4.16&Prime; global_colors_info=\u00a0\u00bb{}\u00a0\u00bb][et_pb_number_counter title=\u00a0\u00bbTYPES DE MAT\u00c9RIAUX EN VRAC ET EN SAC DISPONIBLES\u00a0\u00bb number=\u00a0\u00bb42&Prime; percent_sign=\u00a0\u00bboff\u00a0\u00bb _builder_version=\u00a0\u00bb4.24.2&Prime; global_colors_info=\u00a0\u00bb{}\u00a0\u00bb][\/et_pb_number_counter][\/et_pb_column_inner][\/et_pb_row_inner][\/et_pb_column][\/et_pb_section][et_pb_section fb_built=\u00a0\u00bb1&Prime; module_id=\u00a0\u00bbdct_inquiry_v2&Prime; _builder_version=\u00a0\u00bb4.24.3&Prime; _module_preset=\u00a0\u00bbdefault\u00a0\u00bb background_color=\u00a0\u00bb#FFFFFF\u00a0\u00bb global_colors_info=\u00a0\u00bb{}\u00a0\u00bb][et_pb_row _builder_version=\u00a0\u00bb4.18.0&Prime; _module_preset=\u00a0\u00bbdefault\u00a0\u00bb global_colors_info=\u00a0\u00bb{}\u00a0\u00bb][et_pb_column type=\u00a0\u00bb4_4&Prime; _builder_version=\u00a0\u00bb4.16&Prime; _module_preset=\u00a0\u00bbdefault\u00a0\u00bb global_colors_info=\u00a0\u00bb{}\u00a0\u00bb][et_pb_text module_class=\u00a0\u00bbdct_s_title_left\u00a0\u00bb _builder_version=\u00a0\u00bb4.16&Prime; global_colors_info=\u00a0\u00bb{}\u00a0\u00bb]<span>pourquoi nous choisir<\/span>[\/et_pb_text][et_pb_text _builder_version=\u00a0\u00bb4.16&Prime; text_text_color=\u00a0\u00bb#333&Prime; text_font_size=\u00a0\u00bb15px\u00a0\u00bb global_colors_info=\u00a0\u00bb{}\u00a0\u00bb]Depuis d\u00e9j\u00e0 plusieurs ann\u00e9es, notre entreprise travaille sur les grands chantiers du Qu\u00e9bec tels que l\u2019\u00e9changeur Turcot, agrandissement du port de Montr\u00e9al, Barrage Sicard Hydro-Qu\u00e9bec ainsi que le nouveau Pont Champlain.[\/et_pb_text][\/et_pb_column][\/et_pb_row][et_pb_row column_structure=\u00a0\u00bb1_3,1_3,1_3&Prime; _builder_version=\u00a0\u00bb4.16&Prime; _module_preset=\u00a0\u00bbdefault\u00a0\u00bb global_colors_info=\u00a0\u00bb{}\u00a0\u00bb][et_pb_column type=\u00a0\u00bb1_3&Prime; _builder_version=\u00a0\u00bb4.16&Prime; _module_preset=\u00a0\u00bbdefault\u00a0\u00bb global_colors_info=\u00a0\u00bb{}\u00a0\u00bb][et_pb_image src=\u00a0\u00bbhttps:\/\/leevrac.ca\/wp-content\/uploads\/2022\/12\/319969448_461523489480323_3908635780389928717_n-scaled.jpg\u00a0\u00bb title_text=\u00a0\u00bb319969448_461523489480323_3908635780389928717_n\u00a0\u00bb _builder_version=\u00a0\u00bb4.18.0&Prime; _module_preset=\u00a0\u00bbdefault\u00a0\u00bb global_colors_info=\u00a0\u00bb{}\u00a0\u00bb][\/et_pb_image][\/et_pb_column][et_pb_column type=\u00a0\u00bb1_3&Prime; _builder_version=\u00a0\u00bb4.16&Prime; _module_preset=\u00a0\u00bbdefault\u00a0\u00bb global_colors_info=\u00a0\u00bb{}\u00a0\u00bb][et_pb_blurb title=\u00a0\u00bbNos employ\u00e9s\u00a0\u00bb image=\u00a0\u00bbhttps:\/\/leevrac.ca\/wp-content\/uploads\/2021\/10\/lee-vrac-transport-en-vrac-materiaux-en-vrac-4.jpg\u00a0\u00bb icon_placement=\u00a0\u00bbleft\u00a0\u00bb _builder_version=\u00a0\u00bb4.16&Prime; global_colors_info=\u00a0\u00bb{}\u00a0\u00bb]- Exp\u00e9riment\u00e9s<br \/>\n&#8211; \u00c0 l\u2019\u00e9coute<br \/>\n&#8211; Ponctuels[\/et_pb_blurb][et_pb_blurb title=\u00a0\u00bbNotre service\u00a0\u00bb image=\u00a0\u00bbhttps:\/\/leevrac.ca\/wp-content\/uploads\/2021\/10\/lee-vrac-transport-en-vrac-materiaux-en-vrac-5.jpg\u00a0\u00bb icon_placement=\u00a0\u00bbleft\u00a0\u00bb _builder_version=\u00a0\u00bb4.16&Prime; global_colors_info=\u00a0\u00bb{}\u00a0\u00bb]- Courtois<br \/>\n&#8211; Fiable<br \/>\n&#8211; Disponible[\/et_pb_blurb][\/et_pb_column][et_pb_column type=\u00a0\u00bb1_3&Prime; _builder_version=\u00a0\u00bb4.16&Prime; _module_preset=\u00a0\u00bbdefault\u00a0\u00bb global_colors_info=\u00a0\u00bb{}\u00a0\u00bb][et_pb_blurb title=\u00a0\u00bbNos \u00e9quipements\u00a0\u00bb image=\u00a0\u00bbhttps:\/\/leevrac.ca\/wp-content\/uploads\/2021\/10\/lee-vrac-transport-en-vrac-materiaux-en-vrac-2.jpg\u00a0\u00bb icon_placement=\u00a0\u00bbleft\u00a0\u00bb _builder_version=\u00a0\u00bb4.16&Prime; global_colors_info=\u00a0\u00bb{}\u00a0\u00bb]- R\u00e9cents<br \/>\n&#8211; Diversifi\u00e9s<br \/>\n&#8211; Entretenus[\/et_pb_blurb][et_pb_blurb title=\u00a0\u00bbNos Prix\u00a0\u00bb image=\u00a0\u00bbhttps:\/\/leevrac.ca\/wp-content\/uploads\/2021\/10\/lee-vrac-transport-en-vrac-materiaux-en-vrac.jpg\u00a0\u00bb icon_placement=\u00a0\u00bbleft\u00a0\u00bb _builder_version=\u00a0\u00bb4.16&Prime; global_colors_info=\u00a0\u00bb{}\u00a0\u00bb]- Concurrentiels<br \/>\n&#8211; Adapt\u00e9s[\/et_pb_blurb][\/et_pb_column][\/et_pb_row][\/et_pb_section][et_pb_section fb_built=\u00a0\u00bb1&Prime; _builder_version=\u00a0\u00bb4.24.3&Prime; _module_preset=\u00a0\u00bbdefault\u00a0\u00bb border_width_top=\u00a0\u00bb1px\u00a0\u00bb border_color_top=\u00a0\u00bb#ededed\u00a0\u00bb global_colors_info=\u00a0\u00bb{}\u00a0\u00bb][et_pb_row column_structure=\u00a0\u00bb1_2,1_2&Prime; _builder_version=\u00a0\u00bb4.24.3&Prime; _module_preset=\u00a0\u00bbdefault\u00a0\u00bb global_colors_info=\u00a0\u00bb{}\u00a0\u00bb][et_pb_column type=\u00a0\u00bb1_2&Prime; _builder_version=\u00a0\u00bb4.24.3&Prime; _module_preset=\u00a0\u00bbdefault\u00a0\u00bb global_colors_info=\u00a0\u00bb{}\u00a0\u00bb][et_pb_text admin_label=\u00a0\u00bbText\u00a0\u00bb module_class=\u00a0\u00bbdct_s_title_left\u00a0\u00bb _builder_version=\u00a0\u00bb4.24.3&Prime; locked=\u00a0\u00bboff\u00a0\u00bb global_colors_info=\u00a0\u00bb{}\u00a0\u00bb]<span>t\u00e9moignage<\/span><\/p>\n<h3>Ce que les clients disent de nous<\/h3>\n<p>[\/et_pb_text][et_pb_testimonial author=\u00a0\u00bbMarie-Jos\u00e9e Desjardins\u00a0\u00bb quote_icon_color=\u00a0\u00bb#265585&Prime; quote_icon_background_color=\u00a0\u00bb#FFFFFF\u00a0\u00bb font_icon=\u00a0\u00bb&#x7b;||divi||400&Prime; _builder_version=\u00a0\u00bb4.24.3&Prime; _module_preset=\u00a0\u00bbdefault\u00a0\u00bb author_text_color=\u00a0\u00bb#265585&Prime; global_colors_info=\u00a0\u00bb{}\u00a0\u00bb]<img decoding=\"async\" src=\"https:\/\/leevrac.ca\/wp-content\/uploads\/2024\/05\/temoignages-2-300x51.png\" width=\"100\" alt=\"\" class=\"wp-image-103302 alignnone size-medium\" title=\"\"><\/p>\n<p>\u00ab Wow, quel service, en dedans de 2h j&rsquo;ai commander et j&rsquo;\u00e9tais livrer. \u00c7a c&rsquo;est du service. Je suis tr\u00e8s satisfaite!!! \u00bb[\/et_pb_testimonial][et_pb_testimonial author=\u00a0\u00bbChristopher Matte\u00a0\u00bb quote_icon_color=\u00a0\u00bb#265585&Prime; quote_icon_background_color=\u00a0\u00bb#FFFFFF\u00a0\u00bb font_icon=\u00a0\u00bb&#x7b;||divi||400&Prime; _builder_version=\u00a0\u00bb4.24.3&Prime; _module_preset=\u00a0\u00bbdefault\u00a0\u00bb author_text_color=\u00a0\u00bb#265585&Prime; global_colors_info=\u00a0\u00bb{}\u00a0\u00bb]<img decoding=\"async\" src=\"https:\/\/leevrac.ca\/wp-content\/uploads\/2024\/05\/temoignages-2-300x51.png\" width=\"100\" alt=\"\" class=\"wp-image-103302 alignnone size-medium\" title=\"\"><\/p>\n<p>\u00ab Service impecable et ultra rapide! \u00bb[\/et_pb_testimonial][\/et_pb_column][et_pb_column type=\u00a0\u00bb1_2&Prime; _builder_version=\u00a0\u00bb4.24.3&Prime; _module_preset=\u00a0\u00bbdefault\u00a0\u00bb global_colors_info=\u00a0\u00bb{}\u00a0\u00bb][et_pb_testimonial author=\u00a0\u00bbWilliam Brouillette-Lapointe\u00a0\u00bb quote_icon_color=\u00a0\u00bb#265585&Prime; quote_icon_background_color=\u00a0\u00bb#FFFFFF\u00a0\u00bb font_icon=\u00a0\u00bb&#x7b;||divi||400&Prime; _builder_version=\u00a0\u00bb4.24.3&Prime; _module_preset=\u00a0\u00bbdefault\u00a0\u00bb author_text_color=\u00a0\u00bb#265585&Prime; global_colors_info=\u00a0\u00bb{}\u00a0\u00bb]<img decoding=\"async\" src=\"https:\/\/leevrac.ca\/wp-content\/uploads\/2024\/05\/temoignages-2-300x51.png\" width=\"100\" alt=\"\" class=\"wp-image-103302 alignnone size-medium\" title=\"\"><\/p>\n<p>\u00ab Service impeccable. J&rsquo;invite contracteurs et particuliers \u00e0 faire affaire avec ce transporteur. Pour moi le d\u00e9lais de livraison et la qualit\u00e9 du mat\u00e9riel livr\u00e9 sont tr\u00e8s importants et les r\u00e9sultats obtenus sont fort satisfaisants. Je peux op\u00e9rer mes mandats dans la certitude d&rsquo;un approvisionnement rapide, r\u00e9gulier et fiable. De plus, les chauffeurs sont courtois et ils savent te R-culer un truck! \u00bb[\/et_pb_testimonial][et_pb_testimonial author=\u00a0\u00bbReal Gravel\u00a0\u00bb quote_icon_color=\u00a0\u00bb#265585&Prime; quote_icon_background_color=\u00a0\u00bb#FFFFFF\u00a0\u00bb font_icon=\u00a0\u00bb&#x7b;||divi||400&Prime; _builder_version=\u00a0\u00bb4.24.3&Prime; _module_preset=\u00a0\u00bbdefault\u00a0\u00bb author_text_color=\u00a0\u00bb#265585&Prime; global_colors_info=\u00a0\u00bb{}\u00a0\u00bb]<img decoding=\"async\" src=\"https:\/\/leevrac.ca\/wp-content\/uploads\/2024\/05\/temoignages-2-300x51.png\" width=\"100\" alt=\"\" class=\"wp-image-103302 alignnone size-medium\" title=\"\"><\/p>\n<p>\u00ab Excellent service, prix raisonnables, chauffeur tr\u00e8s courtois. \u00bb[\/et_pb_testimonial][\/et_pb_column][\/et_pb_row][\/et_pb_section]<\/p>\n","protected":false},"excerpt":{"rendered":"<p>Renseignez-vous sur notre grand \u00e9ventail de produits tels que\u00a0: Pierre en vrac Pierre d\u00e9coratives en vrac Terre en vrac Paillis en vrac Sel d\u00e9gla\u00e7ant et abrasif d&rsquo;hiver Produits en sac Sable en vrac Commander en ligne OUVERT AU PUBLIC SANS RENDEZ-VOUS ! LIVRAISON RAPIDE EN 24 HLocation de camion avec chauffeurs exp\u00e9riment\u00e9s 10 roues dompeur12 [&hellip;]<\/p>\n","protected":false},"author":1,"featured_media":100349,"parent":0,"menu_order":0,"comment_status":"closed","ping_status":"closed","template":"","meta":{"_et_pb_use_builder":"on","_et_pb_old_content":"","_et_gb_content_width":"","footnotes":""},"class_list":["post-93371","page","type-page","status-publish","has-post-thumbnail","hentry"],"_links":{"self":[{"href":"https:\/\/leevrac.ca\/en\/wp-json\/wp\/v2\/pages\/93371","targetHints":{"allow":["GET"]}}],"collection":[{"href":"https:\/\/leevrac.ca\/en\/wp-json\/wp\/v2\/pages"}],"about":[{"href":"https:\/\/leevrac.ca\/en\/wp-json\/wp\/v2\/types\/page"}],"author":[{"embeddable":true,"href":"https:\/\/leevrac.ca\/en\/wp-json\/wp\/v2\/users\/1"}],"replies":[{"embeddable":true,"href":"https:\/\/leevrac.ca\/en\/wp-json\/wp\/v2\/comments?post=93371"}],"version-history":[{"count":62,"href":"https:\/\/leevrac.ca\/en\/wp-json\/wp\/v2\/pages\/93371\/revisions"}],"predecessor-version":[{"id":105954,"href":"https:\/\/leevrac.ca\/en\/wp-json\/wp\/v2\/pages\/93371\/revisions\/105954"}],"wp:featuredmedia":[{"embeddable":true,"href":"https:\/\/leevrac.ca\/en\/wp-json\/wp\/v2\/media\/100349"}],"wp:attachment":[{"href":"https:\/\/leevrac.ca\/en\/wp-json\/wp\/v2\/media?parent=93371"}],"curies":[{"name":"wp","href":"https:\/\/api.w.org\/{rel}","templated":true}]}}