{"id":96200,"date":"2020-03-22T16:54:38","date_gmt":"2020-03-22T16:54:38","guid":{"rendered":"https:\/\/transport.divifixer.com\/?page_id=27"},"modified":"2025-04-21T14:35:53","modified_gmt":"2025-04-21T14:35:53","slug":"a-propos","status":"publish","type":"page","link":"https:\/\/leevrac.ca\/en\/a-propos\/","title":{"rendered":"About us"},"content":{"rendered":"<p>[et_pb_section fb_built=\u00a0\u00bb1&Prime; custom_padding_last_edited=\u00a0\u00bbon|tablet\u00a0\u00bb _builder_version=\u00a0\u00bb4.16&Prime; background_color=\u00a0\u00bbrgba(0,0,0,0.61)\u00a0\u00bb background_color_gradient_direction=\u00a0\u00bb90deg\u00a0\u00bb background_image=\u00a0\u00bbhttps:\/\/leevrac.ca\/wp-content\/uploads\/2021\/10\/transport-vrac-lee-vrac.jpg\u00a0\u00bb background_blend=\u00a0\u00bboverlay\u00a0\u00bb custom_padding=\u00a0\u00bb110px||||false|false\u00a0\u00bb custom_padding_tablet=\u00a0\u00bb54px||||false|false\u00a0\u00bb custom_padding_phone=\u00a0\u00bb\u00a0\u00bb custom_css_main_element=\u00a0\u00bbbackground-color: #f8f8f8;||box-shadow: inset 0 -1px 0 0 rgba(0, 0, 0, 0.045), inset 0 1px 0 0 rgba(0, 0, 0, 0.045);\u00a0\u00bb global_colors_info=\u00a0\u00bb{}\u00a0\u00bb][et_pb_row column_structure=\u00a0\u00bb1_2,1_2&Prime; use_custom_gutter=\u00a0\u00bbon\u00a0\u00bb gutter_width=\u00a0\u00bb2&Prime; make_equal=\u00a0\u00bbon\u00a0\u00bb module_class=\u00a0\u00bbdct_p_title\u00a0\u00bb _builder_version=\u00a0\u00bb4.16&Prime; width=\u00a0\u00bb90%\u00a0\u00bb max_width=\u00a0\u00bb1170px\u00a0\u00bb custom_padding=\u00a0\u00bb0px||0px||true|false\u00a0\u00bb global_colors_info=\u00a0\u00bb{}\u00a0\u00bb][et_pb_column type=\u00a0\u00bb1_2&Prime; _builder_version=\u00a0\u00bb4.16&Prime; global_colors_info=\u00a0\u00bb{}\u00a0\u00bb][et_pb_cta title=\u00a0\u00bb@ET-DC@eyJkeW5hbWljIjp0cnVlLCJjb250ZW50IjoicG9zdF90aXRsZSIsInNldHRpbmdzIjp7ImJlZm9yZSI6IiIsImFmdGVyIjoiIn19@\u00a0\u00bb _builder_version=\u00a0\u00bb4.16&Prime; _dynamic_attributes=\u00a0\u00bbtitle\u00a0\u00bb use_background_color=\u00a0\u00bboff\u00a0\u00bb text_orientation=\u00a0\u00bbleft\u00a0\u00bb global_colors_info=\u00a0\u00bb{}\u00a0\u00bb]Lee Vrac Transport[\/et_pb_cta][\/et_pb_column][et_pb_column type=\u00a0\u00bb1_2&Prime; _builder_version=\u00a0\u00bb4.16&Prime; global_colors_info=\u00a0\u00bb{}\u00a0\u00bb][\/et_pb_column][\/et_pb_row][\/et_pb_section][et_pb_section fb_built=\u00a0\u00bb1&Prime; custom_padding_last_edited=\u00a0\u00bbon|tablet\u00a0\u00bb module_class=\u00a0\u00bbdct_cmp_intro\u00a0\u00bb _builder_version=\u00a0\u00bb4.16&Prime; custom_padding=\u00a0\u00bb||0px|||\u00a0\u00bb custom_padding_tablet=\u00a0\u00bb10px||||false|false\u00a0\u00bb custom_padding_phone=\u00a0\u00bb\u00a0\u00bb global_colors_info=\u00a0\u00bb{}\u00a0\u00bb][et_pb_row column_structure=\u00a0\u00bb3_5,2_5&Prime; use_custom_gutter=\u00a0\u00bbon\u00a0\u00bb gutter_width=\u00a0\u00bb2&Prime; make_equal=\u00a0\u00bbon\u00a0\u00bb _builder_version=\u00a0\u00bb4.18.0&Prime; width=\u00a0\u00bb90%\u00a0\u00bb max_width=\u00a0\u00bb1170px\u00a0\u00bb global_colors_info=\u00a0\u00bb{}\u00a0\u00bb][et_pb_column type=\u00a0\u00bb3_5&Prime; _builder_version=\u00a0\u00bb4.16&Prime; global_colors_info=\u00a0\u00bb{}\u00a0\u00bb][et_pb_text _builder_version=\u00a0\u00bb4.16&Prime; _module_preset=\u00a0\u00bbdefault\u00a0\u00bb text_text_color=\u00a0\u00bb#333333&Prime; text_font_size=\u00a0\u00bb15px\u00a0\u00bb text_line_height=\u00a0\u00bb26px\u00a0\u00bb custom_margin=\u00a0\u00bb||30px||false|false\u00a0\u00bb global_colors_info=\u00a0\u00bb{}\u00a0\u00bb]Lee Vrac Transport est une entreprise en plein expansion. En fonction depuis 2015, la compagnie ne cesse d\u2019agrandir. Lee Vrac Transport pr\u00f4ne le travail d\u2019\u00e9quipe et offre un service hors pair. Notre \u00e9quipe est compos\u00e9e de chauffeurs ponctuels et assidus pour effectuer vos diverses livraisons, dans les diff\u00e9rentes r\u00e9gions du grand Montr\u00e9al. Notre entreprise \u0153uvre sans cesse pour satisfaire les clients r\u00e9sidentiels et commerciaux. [\/et_pb_text][et_pb_cta title=\u00a0\u00bbUn peu d\u2019histoire\u00a0\u00bb _builder_version=\u00a0\u00bb4.18.0&Prime; body_text_align=\u00a0\u00bbleft\u00a0\u00bb body_link_text_color=\u00a0\u00bb#9AC457&Prime; use_background_color=\u00a0\u00bboff\u00a0\u00bb text_orientation=\u00a0\u00bbleft\u00a0\u00bb global_colors_info=\u00a0\u00bb{}\u00a0\u00bb]<\/p>\n<p>Notre compagnie m\u00e8re, <a href=\"https:\/\/leeling.ca\/\" target=\"_blank\" rel=\"noopener\">Lee Ling Paysagement<\/a>, est elle aussi en plein expansion. Des besoins de camionnage pour le d\u00e9neigement ont men\u00e9s \u00e0 l\u2019achat d\u2019un premier camion. En saison estivale l\u2019entreprise offre ses services \u00e0 des compagnies d\u2019excavation de la r\u00e9gion, le service hors pair de nos chauffeurs augmente la demande. De fil en aiguille, les besoins grandissants m\u00e8nent \u00e0 l\u2019achat d\u2019une flotte d\u2019\u00e9quipements, qui totalise 10 camions en 2021.<\/p>\n<p>[\/et_pb_cta][et_pb_button button_url=\u00a0\u00bb\/contact\u00a0\u00bb button_text=\u00a0\u00bbnous joindre\u00a0\u00bb module_class=\u00a0\u00bbdct_btn bg\u00a0\u00bb _builder_version=\u00a0\u00bb4.16&Prime; _module_preset=\u00a0\u00bbdefault\u00a0\u00bb global_colors_info=\u00a0\u00bb{}\u00a0\u00bb][\/et_pb_button][\/et_pb_column][et_pb_column type=\u00a0\u00bb2_5&Prime; _builder_version=\u00a0\u00bb4.16&Prime; global_colors_info=\u00a0\u00bb{}\u00a0\u00bb][et_pb_image src=\u00a0\u00bbhttps:\/\/leevrac.ca\/wp-content\/uploads\/2022\/12\/320110476_1770827076607633_7777003220891400653_n.jpg\u00a0\u00bb title_text=\u00a0\u00bb320110476_1770827076607633_7777003220891400653_n\u00a0\u00bb align=\u00a0\u00bbcenter\u00a0\u00bb show_bottom_space_tablet=\u00a0\u00bboff\u00a0\u00bb show_bottom_space_phone=\u00a0\u00bb\u00a0\u00bb show_bottom_space_last_edited=\u00a0\u00bbon|tablet\u00a0\u00bb _builder_version=\u00a0\u00bb4.18.0&Prime; scroll_scaling_enable=\u00a0\u00bbon\u00a0\u00bb global_colors_info=\u00a0\u00bb{}\u00a0\u00bb][\/et_pb_image][\/et_pb_column][\/et_pb_row][\/et_pb_section][et_pb_section fb_built=\u00a0\u00bb1&Prime; _builder_version=\u00a0\u00bb4.16&Prime; background_color=\u00a0\u00bb#f7f7f7&Prime; custom_padding=\u00a0\u00bb||||false|false\u00a0\u00bb global_colors_info=\u00a0\u00bb{}\u00a0\u00bb][et_pb_row use_custom_gutter=\u00a0\u00bbon\u00a0\u00bb gutter_width=\u00a0\u00bb2&Prime; custom_padding_last_edited=\u00a0\u00bbon|tablet\u00a0\u00bb _builder_version=\u00a0\u00bb4.16&Prime; background_size=\u00a0\u00bbinitial\u00a0\u00bb background_position=\u00a0\u00bbtop_left\u00a0\u00bb background_repeat=\u00a0\u00bbrepeat\u00a0\u00bb custom_padding_tablet=\u00a0\u00bb0px||0px||true|false\u00a0\u00bb custom_padding_phone=\u00a0\u00bb\u00a0\u00bb global_colors_info=\u00a0\u00bb{}\u00a0\u00bb][et_pb_column type=\u00a0\u00bb4_4&Prime; _builder_version=\u00a0\u00bb4.16&Prime; global_colors_info=\u00a0\u00bb{}\u00a0\u00bb][et_pb_text content_phone=\u00a0\u00bb<\/p>\n<h4>BEST SERVICES<\/h4>\n<h3>OUR KEY ACTIVITIVES<\/h3>\n<p>This is Photoshop&rsquo;s version  of Lorem Ipsum. velit auctor aliquet. Aenean sollicitdin,<br \/>lorem quis bibendum auctor, nisi elit consequat ipsum.<\/p>\n<p>\u00a0\u00bb content_last_edited=\u00a0\u00bboff|desktop\u00a0\u00bb module_class=\u00a0\u00bbdct_s_title\u00a0\u00bb _builder_version=\u00a0\u00bb4.16&Prime; global_colors_info=\u00a0\u00bb{}\u00a0\u00bb]<\/p>\n<h4>nos \u00e9quipements<\/h4>\n<h3> Des \u00e9quipements propres et bien entretenus qui ont fi\u00e8re allure<\/h3>\n<p> Nos \u00e9quipements r\u00e9cents et entretenus minutieusement par notre m\u00e9canicien d\u2019exp\u00e9rience vous garantis un service continu. <\/p>\n<p>[\/et_pb_text][et_pb_gallery gallery_ids=\u00a0\u00bb100189,100241,100242,100243&Prime; show_title_and_caption=\u00a0\u00bboff\u00a0\u00bb zoom_icon_color=\u00a0\u00bb#265585&Prime; hover_icon=\u00a0\u00bb&#x2e;||divi||400&Prime; _builder_version=\u00a0\u00bb4.16&Prime; _module_preset=\u00a0\u00bbdefault\u00a0\u00bb global_colors_info=\u00a0\u00bb{}\u00a0\u00bb][\/et_pb_gallery][\/et_pb_column][\/et_pb_row][\/et_pb_section]<\/p>\n","protected":false},"excerpt":{"rendered":"<p>Lee Vrac TransportLee Vrac Transport est une entreprise en plein expansion. En fonction depuis 2015, la compagnie ne cesse d\u2019agrandir. Lee Vrac Transport pr\u00f4ne le travail d\u2019\u00e9quipe et offre un service hors pair. Notre \u00e9quipe est compos\u00e9e de chauffeurs ponctuels et assidus pour effectuer vos diverses livraisons, dans les diff\u00e9rentes r\u00e9gions du grand Montr\u00e9al. Notre [&hellip;]<\/p>\n","protected":false},"author":1,"featured_media":100243,"parent":0,"menu_order":0,"comment_status":"closed","ping_status":"closed","template":"","meta":{"_et_pb_use_builder":"on","_et_pb_old_content":"","_et_gb_content_width":"","footnotes":""},"class_list":["post-96200","page","type-page","status-publish","has-post-thumbnail","hentry"],"_links":{"self":[{"href":"https:\/\/leevrac.ca\/en\/wp-json\/wp\/v2\/pages\/96200","targetHints":{"allow":["GET"]}}],"collection":[{"href":"https:\/\/leevrac.ca\/en\/wp-json\/wp\/v2\/pages"}],"about":[{"href":"https:\/\/leevrac.ca\/en\/wp-json\/wp\/v2\/types\/page"}],"author":[{"embeddable":true,"href":"https:\/\/leevrac.ca\/en\/wp-json\/wp\/v2\/users\/1"}],"replies":[{"embeddable":true,"href":"https:\/\/leevrac.ca\/en\/wp-json\/wp\/v2\/comments?post=96200"}],"version-history":[{"count":17,"href":"https:\/\/leevrac.ca\/en\/wp-json\/wp\/v2\/pages\/96200\/revisions"}],"predecessor-version":[{"id":104414,"href":"https:\/\/leevrac.ca\/en\/wp-json\/wp\/v2\/pages\/96200\/revisions\/104414"}],"wp:featuredmedia":[{"embeddable":true,"href":"https:\/\/leevrac.ca\/en\/wp-json\/wp\/v2\/media\/100243"}],"wp:attachment":[{"href":"https:\/\/leevrac.ca\/en\/wp-json\/wp\/v2\/media?parent=96200"}],"curies":[{"name":"wp","href":"https:\/\/api.w.org\/{rel}","templated":true}]}}