{"id":100806,"date":"2022-05-07T19:51:14","date_gmt":"2022-05-07T19:51:14","guid":{"rendered":"https:\/\/leevrac.ca\/?post_type=product&#038;p=100806"},"modified":"2026-04-23T18:52:36","modified_gmt":"2026-04-23T18:52:36","slug":"top-soil-tamise-terre-a-gazon-en-vrac","status":"publish","type":"product","link":"https:\/\/leevrac.ca\/en\/produit\/top-soil-tamise-terre-a-gazon-en-vrac\/","title":{"rendered":"Sifted top soil turf soil in bulk"},"content":{"rendered":"<p>Not to be used for topdressing. To reseed your existing lawn, order the <a href=\"https:\/\/leevrac.ca\/en\/product\/bulk-planting-soil\/\">great planting mix<\/a>.<\/p>\n<p>Topsoil is ideal for leveling your land before sod installation and seeding. Our premium bulk lawn soil is 5\/8 screened, leaving no debris in our mix.<br \/>\nTop soil contains root organic matter that enriches the soil as it decomposes.<\/p>","protected":false},"excerpt":{"rendered":"<p><strong>Price per yard<\/strong><\/p>\n<p style=\"color: red;\"><strong>While waiting for the return of Top Soil on May 11th, opt for our <u><a style=\"color: red;\" href=\"https:\/\/leevrac.ca\/en\/product\/top-soil-ferti-lee\/\">Ferti-Lee Top Soil<\/a><\/u> as an immediate alternative.<\/strong><\/p>","protected":false},"featured_media":103723,"comment_status":"open","ping_status":"closed","template":"","meta":{"_et_pb_use_builder":"off","_et_pb_old_content":"La terre v\u00e9g\u00e9tale est id\u00e9ale pour niveler votre terrain avant l\u2019installation de la tourbe et de l\u2019ensemencement. Notre terre \u00e0 gazon en vrac de 1ere qualit\u00e9 est tamis\u00e9e 5\/8 ce qui ne laisse un aucun d\u00e9bris dans notre m\u00e9lange.\r\nLe top soil contient des racines une mati\u00e8re organique qui enrichis le sol en se d\u00e9composant","_et_gb_content_width":""},"product_brand":[],"product_cat":[41],"product_tag":[],"class_list":{"0":"post-100806","1":"product","2":"type-product","3":"status-publish","4":"has-post-thumbnail","6":"product_cat-terre-en-vrac","8":"first","9":"outofstock","10":"taxable","11":"shipping-taxable","12":"purchasable","13":"product-type-variable"},"tiered_pricing_type":"fixed","tiered_pricing_fixed_rules":[],"tiered_pricing_product_settings":{"layout":"default","base_unit_name":{"singular":null,"plural":null},"default_variation":null},"tiered_pricing_minimum_quantity":null,"tiered_pricing_roles_data":[],"tiered_pricing_percentage_rules":[],"tiered_pricing_maximum_quantity":null,"tiered_pricing_quantity_step":null,"_links":{"self":[{"href":"https:\/\/leevrac.ca\/en\/wp-json\/wp\/v2\/product\/100806","targetHints":{"allow":["GET"]}}],"collection":[{"href":"https:\/\/leevrac.ca\/en\/wp-json\/wp\/v2\/product"}],"about":[{"href":"https:\/\/leevrac.ca\/en\/wp-json\/wp\/v2\/types\/product"}],"replies":[{"embeddable":true,"href":"https:\/\/leevrac.ca\/en\/wp-json\/wp\/v2\/comments?post=100806"}],"wp:featuredmedia":[{"embeddable":true,"href":"https:\/\/leevrac.ca\/en\/wp-json\/wp\/v2\/media\/103723"}],"wp:attachment":[{"href":"https:\/\/leevrac.ca\/en\/wp-json\/wp\/v2\/media?parent=100806"}],"wp:term":[{"taxonomy":"product_brand","embeddable":true,"href":"https:\/\/leevrac.ca\/en\/wp-json\/wp\/v2\/product_brand?post=100806"},{"taxonomy":"product_cat","embeddable":true,"href":"https:\/\/leevrac.ca\/en\/wp-json\/wp\/v2\/product_cat?post=100806"},{"taxonomy":"product_tag","embeddable":true,"href":"https:\/\/leevrac.ca\/en\/wp-json\/wp\/v2\/product_tag?post=100806"}],"curies":[{"name":"wp","href":"https:\/\/api.w.org\/{rel}","templated":true}]}}