{"id":101331,"date":"2023-03-30T20:07:42","date_gmt":"2023-03-30T20:07:42","guid":{"rendered":"https:\/\/leevrac.ca\/?post_type=product&#038;p=101331"},"modified":"2026-04-09T19:49:35","modified_gmt":"2026-04-09T19:49:35","slug":"sable-a-jeux-en-vrac","status":"publish","type":"product","link":"https:\/\/leevrac.ca\/en\/produit\/sable-a-jeux-en-vrac\/","title":{"rendered":"Certified loose play sand"},"content":{"rendered":"<p>Bulk certified play sand is a type of fine, clean sand used primarily for children's play areas. <\/p>\n<p><a href=\"https:\/\/leevrac.ca\/wp-content\/uploads\/2025\/04\/C24735CAN-A1.pdf\" target=\"_blank\" rel=\"nofollow\">Download our certificate<\/a><\/p>","protected":false},"excerpt":{"rendered":"<p>Le sable \u00e0 jeux certifi\u00e9 en vrac est un type de sable fin et propre utilis\u00e9 entre autre pour les aires de jeux pour enfants. T\u00e9l\u00e9charger notre certificat<\/p>","protected":false},"featured_media":101143,"comment_status":"open","ping_status":"closed","template":"","meta":{"_et_pb_use_builder":"off","_et_pb_old_content":"Le sable \u00e0 jeux en vrac est un type de sable fin et propre utilis\u00e9 entre autre pour les aires de jeux pour enfants. ","_et_gb_content_width":""},"product_brand":[],"product_cat":[132],"product_tag":[],"class_list":{"0":"post-101331","1":"product","2":"type-product","3":"status-publish","4":"has-post-thumbnail","6":"product_cat-sable-en-vrac","8":"first","9":"instock","10":"taxable","11":"shipping-taxable","12":"purchasable","13":"product-type-variable"},"tiered_pricing_type":"fixed","tiered_pricing_fixed_rules":[],"tiered_pricing_product_settings":{"layout":"default","base_unit_name":{"singular":null,"plural":null},"default_variation":null},"tiered_pricing_minimum_quantity":null,"tiered_pricing_roles_data":[],"tiered_pricing_percentage_rules":[],"tiered_pricing_maximum_quantity":null,"tiered_pricing_quantity_step":null,"_links":{"self":[{"href":"https:\/\/leevrac.ca\/en\/wp-json\/wp\/v2\/product\/101331","targetHints":{"allow":["GET"]}}],"collection":[{"href":"https:\/\/leevrac.ca\/en\/wp-json\/wp\/v2\/product"}],"about":[{"href":"https:\/\/leevrac.ca\/en\/wp-json\/wp\/v2\/types\/product"}],"replies":[{"embeddable":true,"href":"https:\/\/leevrac.ca\/en\/wp-json\/wp\/v2\/comments?post=101331"}],"wp:featuredmedia":[{"embeddable":true,"href":"https:\/\/leevrac.ca\/en\/wp-json\/wp\/v2\/media\/101143"}],"wp:attachment":[{"href":"https:\/\/leevrac.ca\/en\/wp-json\/wp\/v2\/media?parent=101331"}],"wp:term":[{"taxonomy":"product_brand","embeddable":true,"href":"https:\/\/leevrac.ca\/en\/wp-json\/wp\/v2\/product_brand?post=101331"},{"taxonomy":"product_cat","embeddable":true,"href":"https:\/\/leevrac.ca\/en\/wp-json\/wp\/v2\/product_cat?post=101331"},{"taxonomy":"product_tag","embeddable":true,"href":"https:\/\/leevrac.ca\/en\/wp-json\/wp\/v2\/product_tag?post=101331"}],"curies":[{"name":"wp","href":"https:\/\/api.w.org\/{rel}","templated":true}]}}