{"id":101416,"date":"2023-04-13T19:07:25","date_gmt":"2023-04-13T19:07:25","guid":{"rendered":"https:\/\/leevrac.ca\/?post_type=product&#038;p=101416"},"modified":"2026-04-23T18:40:40","modified_gmt":"2026-04-23T18:40:40","slug":"paillis-de-cedre-naturel-3-pi3","status":"publish","type":"product","link":"https:\/\/leevrac.ca\/en\/produit\/paillis-de-cedre-naturel-3-pi3\/","title":{"rendered":"Natural cedar mulch 3 ft3"},"content":{"rendered":"<p>Made from 100 % cedar bark and wood, this mulch offers numerous benefits to its users. Whether in flower beds or vegetable gardens, it helps eliminate weeds, conserves soil moisture, repels harmful insects and provides a neutral PH to aid plant growth. Decorative and aromatic, it adds sparkle to all your horticultural projects.<\/p>","protected":false},"excerpt":{"rendered":"<p><strong>Price per bag or pallet<\/strong><\/p>","protected":false},"featured_media":101307,"comment_status":"open","ping_status":"closed","template":"","meta":{"_et_pb_use_builder":"off","_et_pb_old_content":"Fait \u00e0 100 % de bois et d\u2019\u00e9corces de c\u00e8dres, ce paillis offre de nombreux avantages \u00e0 ses utilisateurs. Que ce soit dans les plates-bandes ou encore dans le potager, il favorise l\u2019\u00e9limination des mauvaises herbes, il contribue \u00e0 conserver l\u2019humidit\u00e9 du sol, il \u00e9loigne les insectes n\u00e9fastes et offre un PH neutre pour aider \u00e0 la croissance des v\u00e9g\u00e9taux. D\u00e9coratif et aromatique, il ajoutera de l\u2019\u00e9clat \u00e0 tous vos projets horticoles.","_et_gb_content_width":""},"product_brand":[],"product_cat":[77],"product_tag":[],"class_list":{"0":"post-101416","1":"product","2":"type-product","3":"status-publish","4":"has-post-thumbnail","6":"product_cat-produits-en-sac","8":"first","9":"instock","10":"taxable","11":"shipping-taxable","12":"purchasable","13":"product-type-variable"},"tiered_pricing_type":"fixed","tiered_pricing_fixed_rules":[],"tiered_pricing_product_settings":{"layout":"default","base_unit_name":{"singular":null,"plural":null},"default_variation":null},"tiered_pricing_minimum_quantity":null,"tiered_pricing_roles_data":[],"tiered_pricing_percentage_rules":[],"tiered_pricing_maximum_quantity":null,"tiered_pricing_quantity_step":null,"_links":{"self":[{"href":"https:\/\/leevrac.ca\/en\/wp-json\/wp\/v2\/product\/101416","targetHints":{"allow":["GET"]}}],"collection":[{"href":"https:\/\/leevrac.ca\/en\/wp-json\/wp\/v2\/product"}],"about":[{"href":"https:\/\/leevrac.ca\/en\/wp-json\/wp\/v2\/types\/product"}],"replies":[{"embeddable":true,"href":"https:\/\/leevrac.ca\/en\/wp-json\/wp\/v2\/comments?post=101416"}],"wp:featuredmedia":[{"embeddable":true,"href":"https:\/\/leevrac.ca\/en\/wp-json\/wp\/v2\/media\/101307"}],"wp:attachment":[{"href":"https:\/\/leevrac.ca\/en\/wp-json\/wp\/v2\/media?parent=101416"}],"wp:term":[{"taxonomy":"product_brand","embeddable":true,"href":"https:\/\/leevrac.ca\/en\/wp-json\/wp\/v2\/product_brand?post=101416"},{"taxonomy":"product_cat","embeddable":true,"href":"https:\/\/leevrac.ca\/en\/wp-json\/wp\/v2\/product_cat?post=101416"},{"taxonomy":"product_tag","embeddable":true,"href":"https:\/\/leevrac.ca\/en\/wp-json\/wp\/v2\/product_tag?post=101416"}],"curies":[{"name":"wp","href":"https:\/\/api.w.org\/{rel}","templated":true}]}}