{"id":102493,"date":"2023-08-29T16:30:18","date_gmt":"2023-08-29T16:30:18","guid":{"rendered":"https:\/\/leevrac.ca\/?post_type=product&#038;p=102493"},"modified":"2026-03-12T18:59:55","modified_gmt":"2026-03-12T18:59:55","slug":"sel-de-deglacage-traite-vert","status":"publish","type":"product","link":"https:\/\/leevrac.ca\/en\/produit\/sel-de-deglacage-traite-vert\/","title":{"rendered":"Green de-icing salt"},"content":{"rendered":"<p>IT'S IMPROVED DE-ICING SALT<br \/>\nField tests and performance prove that green treated de-icing salt, also known as green salt, disperses less than simple de-icing salts. Green treated de-icing salt consists of pre-mixed bulk de-icing salt for customers, with a blend of liquid magnesium chloride, an approved corrosion-inhibiting SNP and a colorant. Our green treated de-icing salt is 30% less damaging to concrete and unistone.<\/p>\n<p><strong>Note: Big bag delivery is only possible if you have the equipment required to unload the big bag at your delivery address.<\/strong><\/p>","protected":false},"excerpt":{"rendered":"<p>C\u2019EST DU SEL DE D\u00c9GLA\u00c7AGE AM\u00c9LIOR\u00c9 Les tests et les performances sur le terrain prouvent que le sel de d\u00e9gla\u00e7age trait\u00e9 vert, aussi appel\u00e9 sel vert, se disperse moins que les simples sels de d\u00e9gla\u00e7age. Le sel de d\u00e9gla\u00e7age trait\u00e9 vert consiste en du sel de d\u00e9gla\u00e7age en vrac pr\u00e9m\u00e9lang\u00e9 pour les clients, avec un [&hellip;]<\/p>\n","protected":false},"featured_media":100444,"comment_status":"closed","ping_status":"closed","template":"","meta":{"_et_pb_use_builder":"","_et_pb_old_content":"","_et_gb_content_width":""},"product_brand":[],"product_cat":[126],"product_tag":[],"class_list":{"0":"post-102493","1":"product","2":"type-product","3":"status-publish","4":"has-post-thumbnail","6":"product_cat-sels-deglacants","8":"first","9":"outofstock","10":"taxable","11":"shipping-taxable","12":"purchasable","13":"product-type-variable"},"tiered_pricing_type":"fixed","tiered_pricing_fixed_rules":[],"tiered_pricing_product_settings":{"layout":"default","base_unit_name":{"singular":null,"plural":null},"default_variation":null},"tiered_pricing_minimum_quantity":null,"tiered_pricing_roles_data":[],"tiered_pricing_percentage_rules":[],"tiered_pricing_maximum_quantity":null,"tiered_pricing_quantity_step":null,"_links":{"self":[{"href":"https:\/\/leevrac.ca\/en\/wp-json\/wp\/v2\/product\/102493","targetHints":{"allow":["GET"]}}],"collection":[{"href":"https:\/\/leevrac.ca\/en\/wp-json\/wp\/v2\/product"}],"about":[{"href":"https:\/\/leevrac.ca\/en\/wp-json\/wp\/v2\/types\/product"}],"replies":[{"embeddable":true,"href":"https:\/\/leevrac.ca\/en\/wp-json\/wp\/v2\/comments?post=102493"}],"wp:featuredmedia":[{"embeddable":true,"href":"https:\/\/leevrac.ca\/en\/wp-json\/wp\/v2\/media\/100444"}],"wp:attachment":[{"href":"https:\/\/leevrac.ca\/en\/wp-json\/wp\/v2\/media?parent=102493"}],"wp:term":[{"taxonomy":"product_brand","embeddable":true,"href":"https:\/\/leevrac.ca\/en\/wp-json\/wp\/v2\/product_brand?post=102493"},{"taxonomy":"product_cat","embeddable":true,"href":"https:\/\/leevrac.ca\/en\/wp-json\/wp\/v2\/product_cat?post=102493"},{"taxonomy":"product_tag","embeddable":true,"href":"https:\/\/leevrac.ca\/en\/wp-json\/wp\/v2\/product_tag?post=102493"}],"curies":[{"name":"wp","href":"https:\/\/api.w.org\/{rel}","templated":true}]}}