{"id":102948,"date":"2024-03-04T00:33:32","date_gmt":"2024-03-04T00:33:32","guid":{"rendered":"https:\/\/leevrac.ca\/?post_type=product&#038;p=102948"},"modified":"2026-04-23T18:48:50","modified_gmt":"2026-04-23T18:48:50","slug":"paillis-de-cedre-rouge-3-pi3","status":"publish","type":"product","link":"https:\/\/leevrac.ca\/en\/produit\/paillis-de-cedre-rouge-3-pi3\/","title":{"rendered":"Red cedar mulch 3 ft3"},"content":{"rendered":"<p>Organic, non-toxic red cedar mulch 100%. Very slow decomposition. Reduces weed growth, preserves soil moisture and repels insects.<\/p>","protected":false},"excerpt":{"rendered":"<p><strong>Price per bag or pallet<\/strong><\/p>","protected":false},"featured_media":102951,"comment_status":"open","ping_status":"closed","template":"","meta":{"_et_pb_use_builder":"off","_et_pb_old_content":"Aussi caract\u00e9ris\u00e9 par les m\u00eames propri\u00e9t\u00e9s que le paillis de c\u00e8dre naturel, il se d\u00e9marque par sa couleur chocolat\u00e9e qui s\u2019agence parfaitement \u00e0 tous les coloris de v\u00e9g\u00e9taux que l\u2019on retrouve dans les am\u00e9nagements.","_et_gb_content_width":""},"product_brand":[],"product_cat":[77],"product_tag":[],"class_list":{"0":"post-102948","1":"product","2":"type-product","3":"status-publish","4":"has-post-thumbnail","6":"product_cat-produits-en-sac","8":"first","9":"instock","10":"taxable","11":"shipping-taxable","12":"purchasable","13":"product-type-variable"},"tiered_pricing_type":"fixed","tiered_pricing_fixed_rules":[],"tiered_pricing_product_settings":{"layout":"default","base_unit_name":{"singular":null,"plural":null},"default_variation":null},"tiered_pricing_minimum_quantity":null,"tiered_pricing_roles_data":[],"tiered_pricing_percentage_rules":[],"tiered_pricing_maximum_quantity":null,"tiered_pricing_quantity_step":null,"_links":{"self":[{"href":"https:\/\/leevrac.ca\/en\/wp-json\/wp\/v2\/product\/102948","targetHints":{"allow":["GET"]}}],"collection":[{"href":"https:\/\/leevrac.ca\/en\/wp-json\/wp\/v2\/product"}],"about":[{"href":"https:\/\/leevrac.ca\/en\/wp-json\/wp\/v2\/types\/product"}],"replies":[{"embeddable":true,"href":"https:\/\/leevrac.ca\/en\/wp-json\/wp\/v2\/comments?post=102948"}],"wp:featuredmedia":[{"embeddable":true,"href":"https:\/\/leevrac.ca\/en\/wp-json\/wp\/v2\/media\/102951"}],"wp:attachment":[{"href":"https:\/\/leevrac.ca\/en\/wp-json\/wp\/v2\/media?parent=102948"}],"wp:term":[{"taxonomy":"product_brand","embeddable":true,"href":"https:\/\/leevrac.ca\/en\/wp-json\/wp\/v2\/product_brand?post=102948"},{"taxonomy":"product_cat","embeddable":true,"href":"https:\/\/leevrac.ca\/en\/wp-json\/wp\/v2\/product_cat?post=102948"},{"taxonomy":"product_tag","embeddable":true,"href":"https:\/\/leevrac.ca\/en\/wp-json\/wp\/v2\/product_tag?post=102948"}],"curies":[{"name":"wp","href":"https:\/\/api.w.org\/{rel}","templated":true}]}}