{"id":104721,"date":"2025-05-29T18:13:55","date_gmt":"2025-05-29T18:13:55","guid":{"rendered":"https:\/\/leevrac.ca\/?post_type=product&#038;p=104721"},"modified":"2026-05-08T16:26:15","modified_gmt":"2026-05-08T16:26:15","slug":"top-soil-ferti-lee","status":"publish","type":"product","link":"https:\/\/leevrac.ca\/en\/produit\/top-soil-ferti-lee\/","title":{"rendered":"Ferti-Lee Top Soil"},"content":{"rendered":"<p><strong>Enriched Turf Soil \u2013 Black Soil &amp; Manure <\/strong><br \/>\nGive your lawn an optimal start with our enriched turf soil, specially formulated to promote rapid germination, vigorous growth, and a dense and durable lawn. Composed of a balanced mix of organic-rich black soil and composted manure, this topsoil is ideal for: grass seeding lawn renovation land leveling It improves soil structure, stimulates microbial activity, and ensures long-lasting fertility for a healthy lawn. Ferti-Lee Top Soil significantly reduces rooting time compared to regular topsoil (one week faster).<\/p>\n<p>Benefits:<br \/>\nRich in natural nutrients Promotes rapid rooting<br \/>\nRetains moisture for better grass emergence<\/p>","protected":false},"excerpt":{"rendered":"<p>Terre pour Engazonnement Enrichie \u2013 Terre Noire &amp; Fumier Offrez \u00e0 votre pelouse un d\u00e9part optimal avec notre terre pour engazonnement enrichie, sp\u00e9cialement formul\u00e9e pour favoriser une germination rapide, une croissance vigoureuse et une pelouse dense et durable. Compos\u00e9e d\u2019un m\u00e9lange \u00e9quilibr\u00e9 de terre noire riche en mati\u00e8re organique et de fumier compost\u00e9, cette terre [&hellip;]<\/p>\n","protected":false},"featured_media":104756,"comment_status":"open","ping_status":"closed","template":"","meta":{"_et_pb_use_builder":"off","_et_pb_old_content":"<strong>Pour travaux commerciaux<\/strong>\r\nPour la meilleure qualit\u00e9 de terre, veuillez commander notre <a href=\"https:\/\/leevrac.ca\/produit\/terre-a-plantation-en-vrac\/\">super m\u00e9lange<\/a>\r\nTerreau fabriqu\u00e9 \u00e0 partir de terre noire, sable grossier, terre franche et argileuse, fumier ainsi que du compost v\u00e9g\u00e9tal.","_et_gb_content_width":""},"product_brand":[],"product_cat":[41],"product_tag":[],"class_list":{"0":"post-104721","1":"product","2":"type-product","3":"status-publish","4":"has-post-thumbnail","6":"product_cat-terre-en-vrac","8":"first","9":"instock","10":"taxable","11":"shipping-taxable","12":"purchasable","13":"product-type-variable"},"tiered_pricing_type":"fixed","tiered_pricing_fixed_rules":[],"tiered_pricing_product_settings":{"layout":"default","base_unit_name":{"singular":null,"plural":null},"default_variation":null},"tiered_pricing_minimum_quantity":null,"tiered_pricing_roles_data":[],"tiered_pricing_percentage_rules":[],"tiered_pricing_maximum_quantity":null,"tiered_pricing_quantity_step":null,"_links":{"self":[{"href":"https:\/\/leevrac.ca\/en\/wp-json\/wp\/v2\/product\/104721","targetHints":{"allow":["GET"]}}],"collection":[{"href":"https:\/\/leevrac.ca\/en\/wp-json\/wp\/v2\/product"}],"about":[{"href":"https:\/\/leevrac.ca\/en\/wp-json\/wp\/v2\/types\/product"}],"replies":[{"embeddable":true,"href":"https:\/\/leevrac.ca\/en\/wp-json\/wp\/v2\/comments?post=104721"}],"wp:featuredmedia":[{"embeddable":true,"href":"https:\/\/leevrac.ca\/en\/wp-json\/wp\/v2\/media\/104756"}],"wp:attachment":[{"href":"https:\/\/leevrac.ca\/en\/wp-json\/wp\/v2\/media?parent=104721"}],"wp:term":[{"taxonomy":"product_brand","embeddable":true,"href":"https:\/\/leevrac.ca\/en\/wp-json\/wp\/v2\/product_brand?post=104721"},{"taxonomy":"product_cat","embeddable":true,"href":"https:\/\/leevrac.ca\/en\/wp-json\/wp\/v2\/product_cat?post=104721"},{"taxonomy":"product_tag","embeddable":true,"href":"https:\/\/leevrac.ca\/en\/wp-json\/wp\/v2\/product_tag?post=104721"}],"curies":[{"name":"wp","href":"https:\/\/api.w.org\/{rel}","templated":true}]}}